{"id":165,"date":"2020-06-16T18:01:00","date_gmt":"2020-06-16T23:01:00","guid":{"rendered":"https:\/\/www.momentumoptimum.com\/marketplace\/producto\/curso-ciencias-de-la-tecnologia"},"modified":"2026-01-31T22:28:45","modified_gmt":"2026-02-01T04:28:45","slug":"curso-ciencias-de-la-tecnologia","status":"publish","type":"product","link":"https:\/\/www.momentumoptimum.com\/marketplace\/producto\/curso-ciencias-de-la-tecnologia\/","title":{"rendered":"Curso Ciencias de la Tecnolog\u00eda"},"content":{"rendered":"<p>En este curso daremos los principios b\u00e1sicos para la introducci\u00f3n en las ciencias de la computaci\u00f3n. Es una gu\u00eda muy interesante donde despertar\u00e1 tu inter\u00e9s.<\/p>\n<p>Se compone de 3 m\u00f3dulos:<\/p>\n<p>&#8211; Dise\u00f1o y administraci\u00f3n de p\u00e1ginas WEB<\/p>\n<p>Creado por: Este curso fue escrito por The Trust for the Americas y transferido a formato virtual por Momentum Optimum<\/p>\n","protected":false},"excerpt":{"rendered":"<p>Ciencias de la Tecnolog\u00eda<\/p>\n","protected":false},"featured_media":236,"comment_status":"open","ping_status":"closed","template":"","meta":{"_crdt_document":""},"product_brand":[],"product_cat":[5437,5438],"product_tag":[],"class_list":{"0":"post-165","1":"product","2":"type-product","3":"status-publish","4":"has-post-thumbnail","6":"product_cat-cursos","7":"product_cat-educacion","9":"first","10":"instock","11":"virtual","12":"taxable","13":"purchasable","14":"product-type-simple"},"_links":{"self":[{"href":"https:\/\/www.momentumoptimum.com\/marketplace\/wp-json\/wp\/v2\/product\/165","targetHints":{"allow":["GET"]}}],"collection":[{"href":"https:\/\/www.momentumoptimum.com\/marketplace\/wp-json\/wp\/v2\/product"}],"about":[{"href":"https:\/\/www.momentumoptimum.com\/marketplace\/wp-json\/wp\/v2\/types\/product"}],"replies":[{"embeddable":true,"href":"https:\/\/www.momentumoptimum.com\/marketplace\/wp-json\/wp\/v2\/comments?post=165"}],"wp:featuredmedia":[{"embeddable":true,"href":"https:\/\/www.momentumoptimum.com\/marketplace\/wp-json\/wp\/v2\/media\/236"}],"wp:attachment":[{"href":"https:\/\/www.momentumoptimum.com\/marketplace\/wp-json\/wp\/v2\/media?parent=165"}],"wp:term":[{"taxonomy":"product_brand","embeddable":true,"href":"https:\/\/www.momentumoptimum.com\/marketplace\/wp-json\/wp\/v2\/product_brand?post=165"},{"taxonomy":"product_cat","embeddable":true,"href":"https:\/\/www.momentumoptimum.com\/marketplace\/wp-json\/wp\/v2\/product_cat?post=165"},{"taxonomy":"product_tag","embeddable":true,"href":"https:\/\/www.momentumoptimum.com\/marketplace\/wp-json\/wp\/v2\/product_tag?post=165"}],"curies":[{"name":"wp","href":"https:\/\/api.w.org\/{rel}","templated":true}]}}