{"id":164,"date":"2020-06-16T17:58:00","date_gmt":"2020-06-16T22:58:00","guid":{"rendered":"https:\/\/www.momentumoptimum.com\/marketplace\/producto\/curso-preparacion-para-el-mundo-del-trabajo"},"modified":"2026-01-31T22:29:13","modified_gmt":"2026-02-01T04:29:13","slug":"curso-preparacion-para-el-mundo-del-trabajo","status":"publish","type":"product","link":"https:\/\/www.momentumoptimum.com\/marketplace\/producto\/curso-preparacion-para-el-mundo-del-trabajo\/","title":{"rendered":"Curso Preparaci\u00f3n para el mundo del trabajo"},"content":{"rendered":"<p>Este curso ha sido dise\u00f1ado para que, en primer lugar, usted identifique sus capacidades y el \u00e1rea en la que desarrollar\u00eda mejor su habilidad laboral, luego de lo cual podr\u00e1 tomar la decisi\u00f3n de buscar empleo o implementar una idea de negocio. Mediante una metodolog\u00eda de autoaprendizaje, apoyada en la realizaci\u00f3n de lecturas y de las actividades propuestas, usted adquirir\u00e1, paso a paso, las herramientas necesarias para buscar y encontrar un empleo o para ser un emprendedor a trav\u00e9s de la puesta en marcha de una idea de negocio.<\/p>\n<p>Creado por: Este curso fue escrito por The Trust for the Americas y transferido a formato virtual por Momentum Optimum<\/p>\n","protected":false},"excerpt":{"rendered":"<p>Preparaci\u00f3n para el mundo del trabajo<\/p>\n","protected":false},"featured_media":237,"comment_status":"open","ping_status":"closed","template":"","meta":{"_crdt_document":""},"product_brand":[],"product_cat":[5437,5438],"product_tag":[],"class_list":{"0":"post-164","1":"product","2":"type-product","3":"status-publish","4":"has-post-thumbnail","6":"product_cat-cursos","7":"product_cat-educacion","9":"first","10":"instock","11":"virtual","12":"taxable","13":"purchasable","14":"product-type-simple"},"_links":{"self":[{"href":"https:\/\/www.momentumoptimum.com\/marketplace\/wp-json\/wp\/v2\/product\/164","targetHints":{"allow":["GET"]}}],"collection":[{"href":"https:\/\/www.momentumoptimum.com\/marketplace\/wp-json\/wp\/v2\/product"}],"about":[{"href":"https:\/\/www.momentumoptimum.com\/marketplace\/wp-json\/wp\/v2\/types\/product"}],"replies":[{"embeddable":true,"href":"https:\/\/www.momentumoptimum.com\/marketplace\/wp-json\/wp\/v2\/comments?post=164"}],"wp:featuredmedia":[{"embeddable":true,"href":"https:\/\/www.momentumoptimum.com\/marketplace\/wp-json\/wp\/v2\/media\/237"}],"wp:attachment":[{"href":"https:\/\/www.momentumoptimum.com\/marketplace\/wp-json\/wp\/v2\/media?parent=164"}],"wp:term":[{"taxonomy":"product_brand","embeddable":true,"href":"https:\/\/www.momentumoptimum.com\/marketplace\/wp-json\/wp\/v2\/product_brand?post=164"},{"taxonomy":"product_cat","embeddable":true,"href":"https:\/\/www.momentumoptimum.com\/marketplace\/wp-json\/wp\/v2\/product_cat?post=164"},{"taxonomy":"product_tag","embeddable":true,"href":"https:\/\/www.momentumoptimum.com\/marketplace\/wp-json\/wp\/v2\/product_tag?post=164"}],"curies":[{"name":"wp","href":"https:\/\/api.w.org\/{rel}","templated":true}]}}