{"id":163,"date":"2020-06-16T17:52:00","date_gmt":"2020-06-16T22:52:00","guid":{"rendered":"https:\/\/www.momentumoptimum.com\/marketplace\/producto\/curso-intermediacion-laboral"},"modified":"2026-01-31T22:29:31","modified_gmt":"2026-02-01T04:29:31","slug":"curso-intermediacion-laboral","status":"publish","type":"product","link":"https:\/\/www.momentumoptimum.com\/marketplace\/producto\/curso-intermediacion-laboral\/","title":{"rendered":"Curso Intermediaci\u00f3n Laboral"},"content":{"rendered":"<p>Este curso esta dise\u00f1ado para quien tiene una gran sensibilidad para trabajar con grupos poblacionales espec\u00edficos, tales como las personas en situaci\u00f3n de discapacidad o en procesos de reintegraci\u00f3n, desplazados y j\u00f3venes en riesgo. Lo que lograr\u00e1 identificando la oferta y demanda de trabajos, los aspectos legales, f\u00edsicos y de procedimiento, adem\u00e1s del potencial de las personas que se postulan a una vacante laboral. \u00c9stos son solo los pasos iniciales. Sin embargo es apropiado que pueda ofrecer a las personas opciones para que adquieran conocimientos y habilidades que faciliten su integraci\u00f3n laboral, y a las empresas las garant\u00edas para que vean en esta poblaci\u00f3n la oportunidad de crear vacantes laborales y seguir pol\u00edticas de responsabilidad social.<\/p>\n<p>Creado por: Este curso fue escrito por The Trust for the Americas y transferido a formato virtual por Momentum Optimum<\/p>\n","protected":false},"excerpt":{"rendered":"<p>Curso de Intermediaci\u00f3n Laboral<\/p>\n","protected":false},"featured_media":234,"comment_status":"open","ping_status":"closed","template":"","meta":{"_crdt_document":""},"product_brand":[],"product_cat":[5437,5438],"product_tag":[],"class_list":{"0":"post-163","1":"product","2":"type-product","3":"status-publish","4":"has-post-thumbnail","6":"product_cat-cursos","7":"product_cat-educacion","9":"first","10":"instock","11":"virtual","12":"taxable","13":"purchasable","14":"product-type-simple"},"_links":{"self":[{"href":"https:\/\/www.momentumoptimum.com\/marketplace\/wp-json\/wp\/v2\/product\/163","targetHints":{"allow":["GET"]}}],"collection":[{"href":"https:\/\/www.momentumoptimum.com\/marketplace\/wp-json\/wp\/v2\/product"}],"about":[{"href":"https:\/\/www.momentumoptimum.com\/marketplace\/wp-json\/wp\/v2\/types\/product"}],"replies":[{"embeddable":true,"href":"https:\/\/www.momentumoptimum.com\/marketplace\/wp-json\/wp\/v2\/comments?post=163"}],"wp:featuredmedia":[{"embeddable":true,"href":"https:\/\/www.momentumoptimum.com\/marketplace\/wp-json\/wp\/v2\/media\/234"}],"wp:attachment":[{"href":"https:\/\/www.momentumoptimum.com\/marketplace\/wp-json\/wp\/v2\/media?parent=163"}],"wp:term":[{"taxonomy":"product_brand","embeddable":true,"href":"https:\/\/www.momentumoptimum.com\/marketplace\/wp-json\/wp\/v2\/product_brand?post=163"},{"taxonomy":"product_cat","embeddable":true,"href":"https:\/\/www.momentumoptimum.com\/marketplace\/wp-json\/wp\/v2\/product_cat?post=163"},{"taxonomy":"product_tag","embeddable":true,"href":"https:\/\/www.momentumoptimum.com\/marketplace\/wp-json\/wp\/v2\/product_tag?post=163"}],"curies":[{"name":"wp","href":"https:\/\/api.w.org\/{rel}","templated":true}]}}