{"id":145,"date":"2020-05-06T22:44:00","date_gmt":"2020-05-07T03:44:00","guid":{"rendered":"https:\/\/www.momentumoptimum.com\/marketplace\/producto\/design-sprint-curso"},"modified":"2026-01-31T22:48:09","modified_gmt":"2026-02-01T04:48:09","slug":"design-sprint-curso","status":"publish","type":"product","link":"https:\/\/www.momentumoptimum.com\/marketplace\/producto\/design-sprint-curso\/","title":{"rendered":"Design Sprint Curso"},"content":{"rendered":"<p>Design Sprint es una metodolog\u00eda creada por Google que permite hacer un prototipo y validar ideas con usuarios finales de manera r\u00e1pida. Design Sprint re\u00fane las tecnicas m\u00e1s efectivas y propone una forma de trabajar que te permitir\u00e1 lanzar pronto una idea para tener un producto exitoso. Un sprint es una carrera a m\u00e1xima velocidad. Si tienes una idea de negocio y quieres emprender probablemente est\u00e1s en esa etapa de definici\u00f3n de tu producto o servicio. El Design Sprint te permitir\u00e1 saltar de tener una idea a aprender de usuarios reales antes de construir algo por completo.<\/p>\n","protected":false},"excerpt":{"rendered":"<p>Metodolog\u00eda Emprendedore<\/p>\n","protected":false},"featured_media":220,"comment_status":"open","ping_status":"closed","template":"","meta":{"_crdt_document":""},"product_brand":[],"product_cat":[5437,5438],"product_tag":[],"class_list":{"0":"post-145","1":"product","2":"type-product","3":"status-publish","4":"has-post-thumbnail","6":"product_cat-cursos","7":"product_cat-educacion","9":"first","10":"instock","11":"virtual","12":"taxable","13":"purchasable","14":"product-type-simple"},"_links":{"self":[{"href":"https:\/\/www.momentumoptimum.com\/marketplace\/wp-json\/wp\/v2\/product\/145","targetHints":{"allow":["GET"]}}],"collection":[{"href":"https:\/\/www.momentumoptimum.com\/marketplace\/wp-json\/wp\/v2\/product"}],"about":[{"href":"https:\/\/www.momentumoptimum.com\/marketplace\/wp-json\/wp\/v2\/types\/product"}],"replies":[{"embeddable":true,"href":"https:\/\/www.momentumoptimum.com\/marketplace\/wp-json\/wp\/v2\/comments?post=145"}],"wp:featuredmedia":[{"embeddable":true,"href":"https:\/\/www.momentumoptimum.com\/marketplace\/wp-json\/wp\/v2\/media\/220"}],"wp:attachment":[{"href":"https:\/\/www.momentumoptimum.com\/marketplace\/wp-json\/wp\/v2\/media?parent=145"}],"wp:term":[{"taxonomy":"product_brand","embeddable":true,"href":"https:\/\/www.momentumoptimum.com\/marketplace\/wp-json\/wp\/v2\/product_brand?post=145"},{"taxonomy":"product_cat","embeddable":true,"href":"https:\/\/www.momentumoptimum.com\/marketplace\/wp-json\/wp\/v2\/product_cat?post=145"},{"taxonomy":"product_tag","embeddable":true,"href":"https:\/\/www.momentumoptimum.com\/marketplace\/wp-json\/wp\/v2\/product_tag?post=145"}],"curies":[{"name":"wp","href":"https:\/\/api.w.org\/{rel}","templated":true}]}}