{"id":569,"date":"2026-03-09T23:11:07","date_gmt":"2026-03-10T05:11:07","guid":{"rendered":"https:\/\/www.momentumoptimum.com\/marketplace\/?page_id=569"},"modified":"2026-03-09T23:11:07","modified_gmt":"2026-03-10T05:11:07","slug":"tarifas-de-vender-en-momentum-optimum","status":"publish","type":"page","link":"https:\/\/www.momentumoptimum.com\/marketplace\/tarifas-de-vender-en-momentum-optimum\/","title":{"rendered":"Tarifas de vender en Momentum Optimum"},"content":{"rendered":"\n<h1 class=\"wp-block-heading\">Tarifas de vender en Momentum Optimum<\/h1>\n\n\n\n<p class=\"wp-block-paragraph\">Es gratuita la alta al portal de vendedores. El usuario vendedor solo deber\u00e1 pagar a un costo por la venta cuando la operaci\u00f3n se concrete. Para el caso correspondiente a anuncios el Usuario deber\u00e1 pagar \u00fanicamente un costo por publicar.<\/p>\n\n\n\n<p class=\"wp-block-paragraph\">Momentum Optimum se reserva el derecho de modificar, cambiar, agregar, o eliminar las tarifas vigentes, en cualquier momento.<\/p>\n\n\n\n<p class=\"has-custom-css wp-custom-css-eb9936f1 wp-block-paragraph\"><\/p>\n","protected":false},"excerpt":{"rendered":"<p>Tarifas de vender en Momentum Optimum Es gratuita la alta al portal de vendedores. El usuario vendedor solo deber\u00e1 pagar a un costo por la venta cuando la operaci\u00f3n se concrete. Para el caso correspondiente a anuncios el Usuario deber\u00e1 pagar \u00fanicamente un costo por publicar. Momentum Optimum se reserva el derecho de modificar, cambiar, [&hellip;]<\/p>\n","protected":false},"author":1,"featured_media":0,"parent":0,"menu_order":0,"comment_status":"closed","ping_status":"closed","template":"","meta":{"_crdt_document":"","footnotes":""},"class_list":["post-569","page","type-page","status-publish","hentry"],"_links":{"self":[{"href":"https:\/\/www.momentumoptimum.com\/marketplace\/wp-json\/wp\/v2\/pages\/569","targetHints":{"allow":["GET"]}}],"collection":[{"href":"https:\/\/www.momentumoptimum.com\/marketplace\/wp-json\/wp\/v2\/pages"}],"about":[{"href":"https:\/\/www.momentumoptimum.com\/marketplace\/wp-json\/wp\/v2\/types\/page"}],"author":[{"embeddable":true,"href":"https:\/\/www.momentumoptimum.com\/marketplace\/wp-json\/wp\/v2\/users\/1"}],"replies":[{"embeddable":true,"href":"https:\/\/www.momentumoptimum.com\/marketplace\/wp-json\/wp\/v2\/comments?post=569"}],"version-history":[{"count":1,"href":"https:\/\/www.momentumoptimum.com\/marketplace\/wp-json\/wp\/v2\/pages\/569\/revisions"}],"predecessor-version":[{"id":570,"href":"https:\/\/www.momentumoptimum.com\/marketplace\/wp-json\/wp\/v2\/pages\/569\/revisions\/570"}],"wp:attachment":[{"href":"https:\/\/www.momentumoptimum.com\/marketplace\/wp-json\/wp\/v2\/media?parent=569"}],"curies":[{"name":"wp","href":"https:\/\/api.w.org\/{rel}","templated":true}]}}